{"id":218,"date":"2024-01-23T09:43:10","date_gmt":"2024-01-23T09:43:10","guid":{"rendered":"https:\/\/montejuice.com\/?page_id=218"},"modified":"2024-01-26T21:41:11","modified_gmt":"2024-01-26T21:41:11","slug":"detox-za-pocetnike","status":"publish","type":"page","link":"https:\/\/montejuice.com\/index.php\/detox-za-pocetnike\/","title":{"rendered":"Detox za po\u010detnike"},"content":{"rendered":"<p>[et_pb_section fb_built=&#8221;1&#8243; _builder_version=&#8221;4.23.4&#8243; _module_preset=&#8221;default&#8221; use_background_color_gradient=&#8221;off&#8221; background_enable_image=&#8221;off&#8221; global_colors_info=&#8221;{}&#8221;][et_pb_row _builder_version=&#8221;4.23.4&#8243; _module_preset=&#8221;default&#8221; hover_enabled=&#8221;0&#8243; global_colors_info=&#8221;{}&#8221; sticky_enabled=&#8221;0&#8243;][et_pb_column type=&#8221;4_4&#8243; _builder_version=&#8221;4.23.4&#8243; _module_preset=&#8221;default&#8221; global_colors_info=&#8221;{}&#8221;][et_pb_text _builder_version=&#8221;4.23.4&#8243; _module_preset=&#8221;default&#8221; text_font=&#8221;Oswald||||||||&#8221; text_text_color=&#8221;#327a08&#8243; text_font_size=&#8221;59px&#8221; hover_enabled=&#8221;0&#8243; global_colors_info=&#8221;{}&#8221; text_font_size_last_edited=&#8221;on|phone&#8221; text_font_size_phone=&#8221;43px&#8221; text_letter_spacing_last_edited=&#8221;on|phone&#8221; text_letter_spacing_phone=&#8221;0px&#8221; text_line_height_last_edited=&#8221;on|phone&#8221; text_line_height_phone=&#8221;1em&#8221; sticky_enabled=&#8221;0&#8243; text_font_size_tablet=&#8221;59px&#8221;]<\/p>\n<p style=\"text-align: center;\">Detox za po\u010detnike<\/p>\n<p>[\/et_pb_text][\/et_pb_column][\/et_pb_row][et_pb_row column_structure=&#8221;1_2,1_2&#8243; _builder_version=&#8221;4.23.4&#8243; _module_preset=&#8221;default&#8221; global_colors_info=&#8221;{}&#8221;][et_pb_column type=&#8221;1_2&#8243; _builder_version=&#8221;4.23.4&#8243; _module_preset=&#8221;default&#8221; global_colors_info=&#8221;{}&#8221;][et_pb_image src=&#8221;https:\/\/montejuice.com\/wp-content\/uploads\/2024\/01\/Untitled-1920-x-1080-px-2.png&#8221; title_text=&#8221;Untitled (1920 x 1080 px) (2)&#8221; _builder_version=&#8221;4.23.4&#8243; _module_preset=&#8221;default&#8221; hover_enabled=&#8221;0&#8243; border_radii=&#8221;on|9px|9px|9px|9px&#8221; global_colors_info=&#8221;{}&#8221; width_last_edited=&#8221;on|phone&#8221; width_phone=&#8221;90%&#8221; min_height_last_edited=&#8221;on|phone&#8221; sticky_enabled=&#8221;0&#8243;][\/et_pb_image][\/et_pb_column][et_pb_column type=&#8221;1_2&#8243; _builder_version=&#8221;4.23.4&#8243; _module_preset=&#8221;default&#8221; global_colors_info=&#8221;{}&#8221;][et_pb_text _builder_version=&#8221;4.23.4&#8243; _module_preset=&#8221;default&#8221; text_font=&#8221;Poppins||||||||&#8221; custom_margin=&#8221;|-59px||-59px|false|true&#8221; custom_padding=&#8221;|17px||17px|false|true&#8221; hover_enabled=&#8221;0&#8243; border_width_right=&#8221;1px&#8221; border_color_right=&#8221;#7CDA24&#8243; border_width_left=&#8221;1px&#8221; border_color_left=&#8221;#7CDA24&#8243; global_colors_info=&#8221;{}&#8221; content_last_edited=&#8221;off|desktop&#8221; content_phone=&#8221;<\/p>\n<p style=%22text-align: justify;%22>Na\u0161 najprodavaniji program, najidealniji za gubitak kilograma, prosje\u010dno 2, kg manje u tjelesnoj te\u017eini\u00a0 nakon trodnevnog detoxa, <span>osim toga doprinosi regulacija probave, \u010di\u0161\u0107enje organizma.<\/span><\/p>\n<p>&#8221; sticky_enabled=&#8221;0&#8243; custom_margin_last_edited=&#8221;on|phone&#8221; custom_padding_last_edited=&#8221;on|phone&#8221; custom_padding_phone=&#8221;|60px||60px|false|true&#8221; text_font_size_last_edited=&#8221;on|phone&#8221; text_font_size_phone=&#8221;13px&#8221; custom_margin_tablet=&#8221;|-59px||-59px|false|true&#8221; custom_margin_phone=&#8221;|-59px||-59px|false|true&#8221; custom_padding_tablet=&#8221;|17px||17px|false|true&#8221;]<\/p>\n<p style=\"text-align: justify;\">Na\u0161 najprodavaniji program koji je sastavljen od 6 sokova koje konzumirate prema isplaniranoj satnici. Najidealniji je za gubitak kilograma, prosje\u010dno 2,6 kg manje u tjelesnoj te\u017eini\u00a0 nakon trodnevnog detoxa, <span>osim toga doprinosi regulacija probave, \u010di\u0161\u0107enje organizma.<\/span><\/p>\n<p>[\/et_pb_text][et_pb_text _builder_version=&#8221;4.23.4&#8243; _module_preset=&#8221;default&#8221; text_font=&#8221;Poppins||||||||&#8221; text_font_size=&#8221;16px&#8221; custom_padding=&#8221;0px||0px|||&#8221; hover_enabled=&#8221;0&#8243; global_colors_info=&#8221;{}&#8221; sticky_enabled=&#8221;0&#8243; disabled_on=&#8221;on|off|off&#8221;]<\/p>\n<p style=\"text-align: justify;\"><span style=\"text-decoration: underline;\"><strong>09:00 h<\/strong><\/span>\u00a0 \u00a0 Pineapple gold\u00a0 \u00a0 \u00a0 \u00a0 \u00a0150 cal<\/p>\n<p style=\"text-align: justify;\"><span style=\"text-decoration: underline;\"><strong>11:00 h<\/strong><\/span>\u00a0 \u00a0 \u00a0 Green detox\u00a0\u00a0\u00a0 \u00a0\u00a0\u00a0\u00a0\u00a0\u00a0\u00a0\u00a0\u00a0\u00a0\u00a060 cal<\/p>\n<p style=\"text-align: justify;\"><span style=\"text-decoration: underline;\"><strong>13:00 h<\/strong><\/span>\u00a0 \u00a0 \u00a0Slim fit detox\u00a0 \u00a0 \u00a0 \u00a0 \u00a0 \u00a0 \u00a0135 cal<\/p>\n<p style=\"text-align: justify;\"><span style=\"text-decoration: underline;\"><strong>15:00 h<\/strong><\/span>\u00a0 \u00a0 \u00a0Pineapple gold\u00a0 \u00a0 \u00a0 \u00a0 \u00a0150 cal<\/p>\n<p style=\"text-align: justify;\"><span style=\"text-decoration: underline;\"><strong>17:00 h<\/strong><\/span>\u00a0 \u00a0 \u00a0Imunobooster \u00a0\u00a0\u00a0\u00a0\u00a0\u00a0\u00a0\u00a0\u00a0\u00a0150 cal<\/p>\n<p style=\"text-align: justify;\"><span style=\"text-decoration: underline;\"><strong>19:00 h<\/strong><\/span>\u00a0 \u00a0 Almond milk\u00a0 \u00a0 \u00a0 \u00a0 \u00a0 \u00a0 \u00a0 125 cal<\/p>\n<p>[\/et_pb_text][\/et_pb_column][\/et_pb_row][et_pb_row column_structure=&#8221;1_2,1_2&#8243; _builder_version=&#8221;4.23.4&#8243; _module_preset=&#8221;default&#8221; global_colors_info=&#8221;{}&#8221;][et_pb_column type=&#8221;1_2&#8243; _builder_version=&#8221;4.23.4&#8243; _module_preset=&#8221;default&#8221; global_colors_info=&#8221;{}&#8221;][et_pb_text _builder_version=&#8221;4.23.4&#8243; _module_preset=&#8221;default&#8221; text_font=&#8221;Poppins||||||||&#8221; text_font_size=&#8221;16px&#8221; border_width_bottom=&#8221;1px&#8221; border_color_bottom=&#8221;#7CDA24&#8243; global_colors_info=&#8221;{}&#8221;]<\/p>\n<p style=\"text-align: left;\">CIJENA<\/p>\n<p>[\/et_pb_text][et_pb_text _builder_version=&#8221;4.23.4&#8243; _module_preset=&#8221;default&#8221; text_font=&#8221;Poppins||||||||&#8221; global_colors_info=&#8221;{}&#8221;]<\/p>\n<p style=\"text-align: left;\">\n<p>1 dan \u2013 28 eur<\/p>\n<p>3 dana \u2013 75 eur<\/p>\n<p>5 dana \u2013 120 eur<\/p>\n<p>[\/et_pb_text][\/et_pb_column][et_pb_column type=&#8221;1_2&#8243; _builder_version=&#8221;4.23.4&#8243; _module_preset=&#8221;default&#8221; global_colors_info=&#8221;{}&#8221;][et_pb_text _builder_version=&#8221;4.23.4&#8243; _module_preset=&#8221;default&#8221; text_font=&#8221;Poppins||||||||&#8221; border_width_bottom=&#8221;1px&#8221; border_color_bottom=&#8221;#7CDA24&#8243; global_colors_info=&#8221;{}&#8221;]<\/p>\n<p style=\"text-align: center;\">DODATNE INFORMACIJE<\/p>\n<p>[\/et_pb_text][et_pb_text _builder_version=&#8221;4.23.4&#8243; _module_preset=&#8221;default&#8221; text_font=&#8221;Poppins||||||||&#8221; text_font_size=&#8221;16px&#8221; custom_margin=&#8221;-56px||||false|false&#8221; hover_enabled=&#8221;0&#8243; global_colors_info=&#8221;{}&#8221; sticky_enabled=&#8221;0&#8243; text_text_color_last_edited=&#8221;on|phone&#8221; text_text_color_phone=&#8221;#7CDA24&#8243;]<\/p>\n<p>&nbsp;<\/p>\n<p>&nbsp;<\/p>\n<p>[\/et_pb_text][et_pb_text _builder_version=&#8221;4.23.4&#8243; _module_preset=&#8221;default&#8221; text_font=&#8221;Poppins||||||||&#8221; custom_margin=&#8221;-31px||-31px||true|false&#8221; hover_enabled=&#8221;0&#8243; global_colors_info=&#8221;{}&#8221; text_font_size_last_edited=&#8221;on|phone&#8221; text_font_size_phone=&#8221;13px&#8221; sticky_enabled=&#8221;0&#8243;]<\/p>\n<p style=\"text-align: justify;\">Du\u017eina programa zavisi od toga \u0161ta \u017eelimo posti\u0107i. Trodnevni program \u0107e zapo\u010deti proces osloba\u0111anja od toksina. Petodnevni\u00a0 pokre\u0107e proces izgradnje i ja\u010danja imunog sistema. Preporuka je minimum 3 dana mjese\u010dno, dok bi 5 dana bilo optimalno, Nudimo I opciju detoxa 1 dan svake nedelje.\u010cuvati u fri\u017eideru 0-5 C. Prije upotrebe promu\u0107kati.<\/p>\n<p>[\/et_pb_text][\/et_pb_column][\/et_pb_row][et_pb_row _builder_version=&#8221;4.23.4&#8243; _module_preset=&#8221;default&#8221; global_colors_info=&#8221;{}&#8221;][et_pb_column type=&#8221;4_4&#8243; _builder_version=&#8221;4.23.4&#8243; _module_preset=&#8221;default&#8221; global_colors_info=&#8221;{}&#8221;][et_pb_button button_url=&#8221;https:\/\/montejuice.com\/index.php\/kontakt\/&#8221; button_text=&#8221;Poru\u010di&#8221; button_alignment=&#8221;right&#8221; _builder_version=&#8221;4.23.4&#8243; _module_preset=&#8221;default&#8221; custom_button=&#8221;on&#8221; button_text_color=&#8221;#FFFFFF&#8221; button_bg_color=&#8221;#E02B20&#8243; button_border_width=&#8221;1px&#8221; button_border_color=&#8221;#FFFFFF&#8221; button_border_radius=&#8221;36px&#8221; hover_enabled=&#8221;0&#8243; global_colors_info=&#8221;{}&#8221; button_text_size_last_edited=&#8221;on|phone&#8221; button_text_size_phone=&#8221;14px&#8221; sticky_enabled=&#8221;0&#8243;][\/et_pb_button][\/et_pb_column][\/et_pb_row][\/et_pb_section]<\/p>\n","protected":false},"excerpt":{"rendered":"<p>Detox za po\u010detnikeNa\u0161 najprodavaniji program koji je sastavljen od 6 sokova koje konzumirate prema isplaniranoj satnici. Najidealniji je za gubitak kilograma, prosje\u010dno 2,6 kg manje u tjelesnoj te\u017eini\u00a0 nakon trodnevnog detoxa, osim toga doprinosi regulacija probave, \u010di\u0161\u0107enje organizma.09:00 h\u00a0 \u00a0 Pineapple gold\u00a0 \u00a0 \u00a0 \u00a0 \u00a0150 cal 11:00 h\u00a0 \u00a0 \u00a0 Green detox\u00a0\u00a0\u00a0 \u00a0\u00a0\u00a0\u00a0\u00a0\u00a0\u00a0\u00a0\u00a0\u00a0\u00a060 cal [&hellip;]<\/p>\n","protected":false},"author":2,"featured_media":0,"parent":0,"menu_order":0,"comment_status":"closed","ping_status":"closed","template":"","meta":{"_et_pb_use_builder":"on","_et_pb_old_content":"","_et_gb_content_width":"","footnotes":""},"yoast_head":"<!-- This site is optimized with the Yoast SEO plugin v22.2 - https:\/\/yoast.com\/wordpress\/plugins\/seo\/ -->\n<title>Detox za po\u010detnike - Monte Juice<\/title>\n<meta name=\"robots\" content=\"index, follow, max-snippet:-1, max-image-preview:large, max-video-preview:-1\" \/>\n<link rel=\"canonical\" href=\"https:\/\/montejuice.com\/index.php\/detox-za-pocetnike\/\" \/>\n<meta property=\"og:locale\" content=\"en_US\" \/>\n<meta property=\"og:type\" content=\"article\" \/>\n<meta property=\"og:title\" content=\"Detox za po\u010detnike - Monte Juice\" \/>\n<meta property=\"og:description\" content=\"Detox za po\u010detnikeNa\u0161 najprodavaniji program koji je sastavljen od 6 sokova koje konzumirate prema isplaniranoj satnici. Najidealniji je za gubitak kilograma, prosje\u010dno 2,6 kg manje u tjelesnoj te\u017eini\u00a0 nakon trodnevnog detoxa, osim toga doprinosi regulacija probave, \u010di\u0161\u0107enje organizma.09:00 h\u00a0 \u00a0 Pineapple gold\u00a0 \u00a0 \u00a0 \u00a0 \u00a0150 cal 11:00 h\u00a0 \u00a0 \u00a0 Green detox\u00a0\u00a0\u00a0 \u00a0\u00a0\u00a0\u00a0\u00a0\u00a0\u00a0\u00a0\u00a0\u00a0\u00a060 cal [&hellip;]\" \/>\n<meta property=\"og:url\" content=\"https:\/\/montejuice.com\/index.php\/detox-za-pocetnike\/\" \/>\n<meta property=\"og:site_name\" content=\"Monte Juice\" \/>\n<meta property=\"article:publisher\" content=\"https:\/\/www.facebook.com\/profile.php?id=61552584972294\" \/>\n<meta property=\"article:modified_time\" content=\"2024-01-26T21:41:11+00:00\" \/>\n<meta name=\"twitter:card\" content=\"summary_large_image\" \/>\n<meta name=\"twitter:label1\" content=\"Est. reading time\" \/>\n\t<meta name=\"twitter:data1\" content=\"4 minutes\" \/>\n<script type=\"application\/ld+json\" class=\"yoast-schema-graph\">{\"@context\":\"https:\/\/schema.org\",\"@graph\":[{\"@type\":\"WebPage\",\"@id\":\"https:\/\/montejuice.com\/index.php\/detox-za-pocetnike\/\",\"url\":\"https:\/\/montejuice.com\/index.php\/detox-za-pocetnike\/\",\"name\":\"Detox za po\u010detnike - Monte Juice\",\"isPartOf\":{\"@id\":\"https:\/\/montejuice.com\/#website\"},\"datePublished\":\"2024-01-23T09:43:10+00:00\",\"dateModified\":\"2024-01-26T21:41:11+00:00\",\"breadcrumb\":{\"@id\":\"https:\/\/montejuice.com\/index.php\/detox-za-pocetnike\/#breadcrumb\"},\"inLanguage\":\"en-US\",\"potentialAction\":[{\"@type\":\"ReadAction\",\"target\":[\"https:\/\/montejuice.com\/index.php\/detox-za-pocetnike\/\"]}]},{\"@type\":\"BreadcrumbList\",\"@id\":\"https:\/\/montejuice.com\/index.php\/detox-za-pocetnike\/#breadcrumb\",\"itemListElement\":[{\"@type\":\"ListItem\",\"position\":1,\"name\":\"Home\",\"item\":\"https:\/\/montejuice.com\/\"},{\"@type\":\"ListItem\",\"position\":2,\"name\":\"Detox za po\u010detnike\"}]},{\"@type\":\"WebSite\",\"@id\":\"https:\/\/montejuice.com\/#website\",\"url\":\"https:\/\/montejuice.com\/\",\"name\":\"Monte Juice\",\"description\":\"Hladno presovani sokovi\",\"publisher\":{\"@id\":\"https:\/\/montejuice.com\/#organization\"},\"potentialAction\":[{\"@type\":\"SearchAction\",\"target\":{\"@type\":\"EntryPoint\",\"urlTemplate\":\"https:\/\/montejuice.com\/?s={search_term_string}\"},\"query-input\":\"required name=search_term_string\"}],\"inLanguage\":\"en-US\"},{\"@type\":\"Organization\",\"@id\":\"https:\/\/montejuice.com\/#organization\",\"name\":\"Monte Juice\",\"url\":\"https:\/\/montejuice.com\/\",\"logo\":{\"@type\":\"ImageObject\",\"inLanguage\":\"en-US\",\"@id\":\"https:\/\/montejuice.com\/#\/schema\/logo\/image\/\",\"url\":\"https:\/\/montejuice.com\/wp-content\/uploads\/2024\/01\/cropped-tempFileForShare_20231206-180523-1.jpg\",\"contentUrl\":\"https:\/\/montejuice.com\/wp-content\/uploads\/2024\/01\/cropped-tempFileForShare_20231206-180523-1.jpg\",\"width\":512,\"height\":512,\"caption\":\"Monte Juice\"},\"image\":{\"@id\":\"https:\/\/montejuice.com\/#\/schema\/logo\/image\/\"},\"sameAs\":[\"https:\/\/www.facebook.com\/profile.php?id=61552584972294\"]}]}<\/script>\n<!-- \/ Yoast SEO plugin. -->","yoast_head_json":{"title":"Detox za po\u010detnike - Monte Juice","robots":{"index":"index","follow":"follow","max-snippet":"max-snippet:-1","max-image-preview":"max-image-preview:large","max-video-preview":"max-video-preview:-1"},"canonical":"https:\/\/montejuice.com\/index.php\/detox-za-pocetnike\/","og_locale":"en_US","og_type":"article","og_title":"Detox za po\u010detnike - Monte Juice","og_description":"Detox za po\u010detnikeNa\u0161 najprodavaniji program koji je sastavljen od 6 sokova koje konzumirate prema isplaniranoj satnici. Najidealniji je za gubitak kilograma, prosje\u010dno 2,6 kg manje u tjelesnoj te\u017eini\u00a0 nakon trodnevnog detoxa, osim toga doprinosi regulacija probave, \u010di\u0161\u0107enje organizma.09:00 h\u00a0 \u00a0 Pineapple gold\u00a0 \u00a0 \u00a0 \u00a0 \u00a0150 cal 11:00 h\u00a0 \u00a0 \u00a0 Green detox\u00a0\u00a0\u00a0 \u00a0\u00a0\u00a0\u00a0\u00a0\u00a0\u00a0\u00a0\u00a0\u00a0\u00a060 cal [&hellip;]","og_url":"https:\/\/montejuice.com\/index.php\/detox-za-pocetnike\/","og_site_name":"Monte Juice","article_publisher":"https:\/\/www.facebook.com\/profile.php?id=61552584972294","article_modified_time":"2024-01-26T21:41:11+00:00","twitter_card":"summary_large_image","twitter_misc":{"Est. reading time":"4 minutes"},"schema":{"@context":"https:\/\/schema.org","@graph":[{"@type":"WebPage","@id":"https:\/\/montejuice.com\/index.php\/detox-za-pocetnike\/","url":"https:\/\/montejuice.com\/index.php\/detox-za-pocetnike\/","name":"Detox za po\u010detnike - Monte Juice","isPartOf":{"@id":"https:\/\/montejuice.com\/#website"},"datePublished":"2024-01-23T09:43:10+00:00","dateModified":"2024-01-26T21:41:11+00:00","breadcrumb":{"@id":"https:\/\/montejuice.com\/index.php\/detox-za-pocetnike\/#breadcrumb"},"inLanguage":"en-US","potentialAction":[{"@type":"ReadAction","target":["https:\/\/montejuice.com\/index.php\/detox-za-pocetnike\/"]}]},{"@type":"BreadcrumbList","@id":"https:\/\/montejuice.com\/index.php\/detox-za-pocetnike\/#breadcrumb","itemListElement":[{"@type":"ListItem","position":1,"name":"Home","item":"https:\/\/montejuice.com\/"},{"@type":"ListItem","position":2,"name":"Detox za po\u010detnike"}]},{"@type":"WebSite","@id":"https:\/\/montejuice.com\/#website","url":"https:\/\/montejuice.com\/","name":"Monte Juice","description":"Hladno presovani sokovi","publisher":{"@id":"https:\/\/montejuice.com\/#organization"},"potentialAction":[{"@type":"SearchAction","target":{"@type":"EntryPoint","urlTemplate":"https:\/\/montejuice.com\/?s={search_term_string}"},"query-input":"required name=search_term_string"}],"inLanguage":"en-US"},{"@type":"Organization","@id":"https:\/\/montejuice.com\/#organization","name":"Monte Juice","url":"https:\/\/montejuice.com\/","logo":{"@type":"ImageObject","inLanguage":"en-US","@id":"https:\/\/montejuice.com\/#\/schema\/logo\/image\/","url":"https:\/\/montejuice.com\/wp-content\/uploads\/2024\/01\/cropped-tempFileForShare_20231206-180523-1.jpg","contentUrl":"https:\/\/montejuice.com\/wp-content\/uploads\/2024\/01\/cropped-tempFileForShare_20231206-180523-1.jpg","width":512,"height":512,"caption":"Monte Juice"},"image":{"@id":"https:\/\/montejuice.com\/#\/schema\/logo\/image\/"},"sameAs":["https:\/\/www.facebook.com\/profile.php?id=61552584972294"]}]}},"_links":{"self":[{"href":"https:\/\/montejuice.com\/index.php\/wp-json\/wp\/v2\/pages\/218"}],"collection":[{"href":"https:\/\/montejuice.com\/index.php\/wp-json\/wp\/v2\/pages"}],"about":[{"href":"https:\/\/montejuice.com\/index.php\/wp-json\/wp\/v2\/types\/page"}],"author":[{"embeddable":true,"href":"https:\/\/montejuice.com\/index.php\/wp-json\/wp\/v2\/users\/2"}],"replies":[{"embeddable":true,"href":"https:\/\/montejuice.com\/index.php\/wp-json\/wp\/v2\/comments?post=218"}],"version-history":[{"count":9,"href":"https:\/\/montejuice.com\/index.php\/wp-json\/wp\/v2\/pages\/218\/revisions"}],"predecessor-version":[{"id":462,"href":"https:\/\/montejuice.com\/index.php\/wp-json\/wp\/v2\/pages\/218\/revisions\/462"}],"wp:attachment":[{"href":"https:\/\/montejuice.com\/index.php\/wp-json\/wp\/v2\/media?parent=218"}],"curies":[{"name":"wp","href":"https:\/\/api.w.org\/{rel}","templated":true}]}}