{"id":226,"date":"2024-01-23T10:26:30","date_gmt":"2024-01-23T10:26:30","guid":{"rendered":"https:\/\/montejuice.com\/?page_id=226"},"modified":"2024-01-26T22:07:09","modified_gmt":"2024-01-26T22:07:09","slug":"energy-boost","status":"publish","type":"page","link":"https:\/\/montejuice.com\/index.php\/energy-boost\/","title":{"rendered":"Energy boost"},"content":{"rendered":"<p>[et_pb_section fb_built=&#8221;1&#8243; _builder_version=&#8221;4.23.4&#8243; _module_preset=&#8221;default&#8221; use_background_color_gradient=&#8221;off&#8221; background_enable_image=&#8221;off&#8221; global_colors_info=&#8221;{}&#8221;][et_pb_row _builder_version=&#8221;4.23.4&#8243; _module_preset=&#8221;default&#8221; global_colors_info=&#8221;{}&#8221;][et_pb_column type=&#8221;4_4&#8243; _builder_version=&#8221;4.23.4&#8243; _module_preset=&#8221;default&#8221; global_colors_info=&#8221;{}&#8221;][et_pb_text _builder_version=&#8221;4.23.4&#8243; _module_preset=&#8221;default&#8221; text_font=&#8221;Oswald||||||||&#8221; text_text_color=&#8221;#3d9606&#8243; text_font_size=&#8221;50px&#8221; text_letter_spacing=&#8221;1px&#8221; text_font_size_tablet=&#8221;50px&#8221; text_font_size_phone=&#8221;40px&#8221; text_font_size_last_edited=&#8221;on|phone&#8221; global_colors_info=&#8221;{}&#8221;]<\/p>\n<p style=\"text-align: center;\">Energy boost detox<\/p>\n<p>[\/et_pb_text][\/et_pb_column][\/et_pb_row][et_pb_row column_structure=&#8221;1_2,1_2&#8243; _builder_version=&#8221;4.23.4&#8243; _module_preset=&#8221;default&#8221; global_colors_info=&#8221;{}&#8221;][et_pb_column type=&#8221;1_2&#8243; _builder_version=&#8221;4.23.4&#8243; _module_preset=&#8221;default&#8221; global_colors_info=&#8221;{}&#8221;][et_pb_image src=&#8221;https:\/\/montejuice.com\/wp-content\/uploads\/2024\/01\/Untitled-design-6.png&#8221; title_text=&#8221;Untitled design (6)&#8221; _builder_version=&#8221;4.23.4&#8243; _module_preset=&#8221;default&#8221; width_tablet=&#8221;&#8221; width_phone=&#8221;95%&#8221; width_last_edited=&#8221;on|phone&#8221; border_radii=&#8221;on|9px|9px|9px|9px&#8221; global_colors_info=&#8221;{}&#8221;][\/et_pb_image][\/et_pb_column][et_pb_column type=&#8221;1_2&#8243; _builder_version=&#8221;4.23.4&#8243; _module_preset=&#8221;default&#8221; global_colors_info=&#8221;{}&#8221;][et_pb_text _builder_version=&#8221;4.23.4&#8243; _module_preset=&#8221;default&#8221; text_font=&#8221;Poppins||||||||&#8221; text_font_size=&#8221;16px&#8221; text_letter_spacing=&#8221;1px&#8221; text_line_height=&#8221;1.4em&#8221; custom_margin=&#8221;|-39px||-39px|false|true&#8221; custom_padding=&#8221;|14px||14px|false|true&#8221; custom_padding_tablet=&#8221;|14px||14px|false|true&#8221; custom_padding_phone=&#8221;|54px||54px|false|true&#8221; custom_padding_last_edited=&#8221;on|phone&#8221; text_font_size_tablet=&#8221;16px&#8221; text_font_size_phone=&#8221;14px&#8221; text_font_size_last_edited=&#8221;on|phone&#8221; text_letter_spacing_tablet=&#8221;1px&#8221; text_letter_spacing_phone=&#8221;0px&#8221; text_letter_spacing_last_edited=&#8221;on|phone&#8221; text_line_height_tablet=&#8221;1.4em&#8221; text_line_height_phone=&#8221;1.3em&#8221; text_line_height_last_edited=&#8221;on|phone&#8221; border_width_right=&#8221;1px&#8221; border_color_right=&#8221;#7CDA24&#8243; border_width_left=&#8221;1px&#8221; border_color_left=&#8221;#7CDA24&#8243; global_colors_info=&#8221;{}&#8221;]<\/p>\n<p style=\"text-align: justify;\"><span>Namijenjen osobama koje imaju ve\u0107 usvojene zdrave navike kada je ishrana u pitanju i fizi\u010dki su aktivne. Sastavljen od 7 sokova koji \u0107e obezbijediti sve neophodne hranljive sastojke, podi\u0107i nivo energije, ubrzati metabolizam i omogu\u0107iti intezvnije \u010di\u0161\u0107enje organizma<\/span><\/p>\n<p>[\/et_pb_text][et_pb_text content_tablet=&#8221;<\/p>\n<p><strong><span style=%22text-decoration: underline;%22>08:00 h<\/span><\/strong> Sunrise                    150 cal<\/p>\n<p><strong><span style=%22text-decoration: underline;%22>10:00 h<\/span><\/strong> Imunobooster        150 cal<\/p>\n<p><span style=%22text-decoration: underline;%22><strong>12:00 h<\/strong> <\/span>Green detox   60 cal<\/p>\n<p><span style=%22text-decoration: underline;%22><strong>14:00 h<\/strong><\/span> Slim fit detox  135 cal<\/p>\n<p><span style=%22text-decoration: underline;%22><strong>16:00 h<\/strong><\/span>  Pineapple gold     150 cal<\/p>\n<p><span style=%22text-decoration: underline;%22><strong>18:00 h<\/strong><\/span> Italiana   60 cal<\/p>\n<p><span style=%22text-decoration: underline;%22><strong>19:00 h<\/strong><\/span> Almond milk  125 cal<\/p>\n<p>&#8221; content_phone=&#8221;<\/p>\n<p><span style=%22color: #008000;%22><strong><span style=%22text-decoration: underline;%22>08:00 h<\/span><\/strong><\/span> Sunrise\u00a0 \u00a0 \u00a0 \u00a0 \u00a0 \u00a0 \u00a0 \u00a0 150 cal<\/p>\n<p><span style=%22color: #99cc00;%22><strong><span style=%22text-decoration: underline;%22>10:00 h<\/span><\/strong><\/span> Imunobooster\u00a0 \u00a0 150 cal<\/p>\n<p><span style=%22text-decoration: underline; color: #008000;%22><strong>12:00 h<\/strong> <\/span>Green detox\u00a0 \u00a0 \u00a0 \u00a0 \u00a060 cal<\/p>\n<p><span style=%22text-decoration: underline; color: #99cc00;%22><strong>14:00 h<\/strong><\/span> Slim fit detox\u00a0 \u00a0 \u00a0 135 cal<\/p>\n<p><span style=%22text-decoration: underline; color: #008000;%22><strong>16:00 h<\/strong><\/span> Pineapple gold\u00a0 \u00a0150 cal<\/p>\n<p><span style=%22text-decoration: underline; color: #99cc00;%22><strong>18:00 h<\/strong><\/span> Italiana\u00a0 \u00a0 \u00a0 \u00a0 \u00a0 \u00a0 \u00a0 \u00a0 \u00a0 60 cal<\/p>\n<p><span style=%22text-decoration: underline; color: #008000;%22><strong>19:00 h<\/strong><\/span> Almond milk\u00a0 \u00a0 \u00a0 \u00a0 125 cal<\/p>\n<p>&#8221; content_last_edited=&#8221;on|phone&#8221; _builder_version=&#8221;4.23.4&#8243; _module_preset=&#8221;default&#8221; text_font=&#8221;Poppins||||||||&#8221; text_font_size=&#8221;16px&#8221; text_line_height=&#8221;1.5em&#8221; custom_padding=&#8221;0px||0px|||&#8221; custom_padding_tablet=&#8221;0px||0px|||&#8221; custom_padding_phone=&#8221;|||41px|false|false&#8221; custom_padding_last_edited=&#8221;on|phone&#8221; hover_enabled=&#8221;0&#8243; text_font_size_tablet=&#8221;16px&#8221; text_font_size_phone=&#8221;13px&#8221; text_font_size_last_edited=&#8221;on|phone&#8221; border_radii_tablet=&#8221;&#8221; border_radii_phone=&#8221;&#8221; border_radii_last_edited=&#8221;on|phone&#8221; border_width_all_tablet=&#8221;&#8221; border_width_all_phone=&#8221;0px&#8221; border_width_all_last_edited=&#8221;on|phone&#8221; border_width_right_tablet=&#8221;&#8221; border_width_right_phone=&#8221;0px&#8221; border_width_right_last_edited=&#8221;on|phone&#8221; global_colors_info=&#8221;{}&#8221; sticky_enabled=&#8221;0&#8243;]<\/p>\n<p><strong><span style=\"text-decoration: underline;\">08:00 h<\/span><\/strong> Sunrise\u00a0 \u00a0 \u00a0 \u00a0 \u00a0 \u00a0 \u00a0 \u00a0 \u00a0 \u00a0 150 cal<\/p>\n<p><strong><span style=\"text-decoration: underline;\">10:00 h<\/span><\/strong> Imunobooster\u00a0 \u00a0 \u00a0 \u00a0 150 cal<\/p>\n<p><span style=\"text-decoration: underline;\"><strong>12:00 h<\/strong> <\/span>Green detox\u00a0 \u00a0\u00a0\u00a0\u00a0\u00a0\u00a0\u00a0\u00a0\u00a0\u00a0\u00a060 cal<\/p>\n<p><span style=\"text-decoration: underline;\"><strong>14:00 h<\/strong><\/span> Slim fit detox \u00a0\u00a0\u00a0\u00a0\u00a0\u00a0\u00a0\u00a0\u00a0135 cal<\/p>\n<p><span style=\"text-decoration: underline;\"><strong>16:00 h<\/strong><\/span> \u00a0Pineapple gold\u00a0 \u00a0 \u00a0150 cal<\/p>\n<p><span style=\"text-decoration: underline;\"><strong>18:00 h<\/strong><\/span> Italiana\u00a0\u00a0\u00a0\u00a0\u00a0\u00a0\u00a0\u00a0\u00a0\u00a0\u00a0\u00a0\u00a0\u00a0\u00a0\u00a0\u00a0\u00a0\u00a0 \u00a060 cal<\/p>\n<p><span style=\"text-decoration: underline;\"><strong>19:00 h<\/strong><\/span> Almond milk \u00a0\u00a0\u00a0\u00a0\u00a0\u00a0\u00a0\u00a0\u00a0\u00a0125 cal<\/p>\n<p>[\/et_pb_text][\/et_pb_column][\/et_pb_row][et_pb_row column_structure=&#8221;1_2,1_2&#8243; _builder_version=&#8221;4.23.4&#8243; _module_preset=&#8221;default&#8221; global_colors_info=&#8221;{}&#8221;][et_pb_column type=&#8221;1_2&#8243; _builder_version=&#8221;4.23.4&#8243; _module_preset=&#8221;default&#8221; global_colors_info=&#8221;{}&#8221;][et_pb_text _builder_version=&#8221;4.23.4&#8243; _module_preset=&#8221;default&#8221; text_font=&#8221;Poppins||||||||&#8221; text_font_size=&#8221;16px&#8221; custom_padding=&#8221;|||0px|false|false&#8221; custom_padding_tablet=&#8221;|||0px|false|false&#8221; custom_padding_phone=&#8221;|||15px|false|false&#8221; custom_padding_last_edited=&#8221;on|phone&#8221; border_width_bottom=&#8221;1px&#8221; border_color_bottom=&#8221;#7CDA24&#8243; global_colors_info=&#8221;{}&#8221;]<\/p>\n<p style=\"text-align: left;\">CIJENA<\/p>\n<p>[\/et_pb_text][et_pb_text _builder_version=&#8221;4.23.4&#8243; _module_preset=&#8221;default&#8221; text_font=&#8221;Poppins||||||||&#8221; text_font_size=&#8221;16px&#8221; text_line_height=&#8221;1.6em&#8221; custom_padding_tablet=&#8221;&#8221; custom_padding_phone=&#8221;0px|||10px|false|false&#8221; custom_padding_last_edited=&#8221;on|phone&#8221; hover_enabled=&#8221;0&#8243; global_colors_info=&#8221;{}&#8221; text_font_size_last_edited=&#8221;on|phone&#8221; text_font_size_phone=&#8221;14px&#8221; sticky_enabled=&#8221;0&#8243; text_font_size_tablet=&#8221;16px&#8221;]<\/p>\n<p style=\"text-align: left;\">1 dan \u2013 35 eur<\/p>\n<p>3 dana \u2013 85 eur<\/p>\n<p>5 dana \u2013 140 eur<\/p>\n<p>[\/et_pb_text][\/et_pb_column][et_pb_column type=&#8221;1_2&#8243; _builder_version=&#8221;4.23.4&#8243; _module_preset=&#8221;default&#8221; global_colors_info=&#8221;{}&#8221;][et_pb_text _builder_version=&#8221;4.23.4&#8243; _module_preset=&#8221;default&#8221; text_font=&#8221;Poppins||||||||&#8221; text_font_size=&#8221;16px&#8221; border_width_bottom=&#8221;1px&#8221; border_color_bottom=&#8221;#7CDA24&#8243; global_colors_info=&#8221;{}&#8221;]<\/p>\n<p style=\"text-align: center;\">DODATNE INFORMACIJE<\/p>\n<p>[\/et_pb_text][et_pb_text _builder_version=&#8221;4.23.4&#8243; _module_preset=&#8221;default&#8221; text_font=&#8221;Poppins||||||||&#8221; text_font_size=&#8221;16px&#8221; text_line_height=&#8221;1.6em&#8221; custom_padding_tablet=&#8221;&#8221; custom_padding_phone=&#8221;|||10px|false|false&#8221; custom_padding_last_edited=&#8221;on|phone&#8221; text_font_size_tablet=&#8221;16px&#8221; text_font_size_phone=&#8221;14px&#8221; text_font_size_last_edited=&#8221;on|phone&#8221; global_colors_info=&#8221;{}&#8221;]<\/p>\n<p>Du\u017eina programa zavisi od toga \u0161ta \u017eelimo posti\u0107i. Preporuka je minimum 3 dana detoxa mjese\u010dno, dok bi5 dana bilo optimalno. Nudimo i opciju detoxa 1 dan svake nedelje. \u010cuvati u fri\u017eideru 0-5 C. Prije upotrebe promu\u0107kati.<\/p>\n<p>[\/et_pb_text][\/et_pb_column][\/et_pb_row][et_pb_row _builder_version=&#8221;4.23.4&#8243; _module_preset=&#8221;default&#8221; custom_margin_last_edited=&#8221;on|phone&#8221; custom_margin_phone=&#8221;||-39px||false|false&#8221; hover_enabled=&#8221;0&#8243; sticky_enabled=&#8221;0&#8243;][et_pb_column _builder_version=&#8221;4.23.4&#8243; _module_preset=&#8221;default&#8221; type=&#8221;4_4&#8243;][et_pb_button button_url=&#8221;https:\/\/montejuice.com\/index.php\/kontakt\/&#8221; button_text=&#8221;Poru\u010di&#8221; button_alignment=&#8221;right&#8221; _builder_version=&#8221;4.23.4&#8243; _module_preset=&#8221;default&#8221; custom_button=&#8221;on&#8221; button_text_color=&#8221;#FFFFFF&#8221; button_bg_color=&#8221;#E02B20&#8243; button_border_width=&#8221;1px&#8221; button_border_color=&#8221;#FFFFFF&#8221; button_border_radius=&#8221;36px&#8221; button_text_size_tablet=&#8221;&#8221; button_text_size_phone=&#8221;14px&#8221; button_text_size_last_edited=&#8221;on|phone&#8221; global_colors_info=&#8221;{}&#8221; theme_builder_area=&#8221;post_content&#8221;][\/et_pb_button][\/et_pb_column][\/et_pb_row][\/et_pb_section]<\/p>\n","protected":false},"excerpt":{"rendered":"<p>Energy boost detoxNamijenjen osobama koje imaju ve\u0107 usvojene zdrave navike kada je ishrana u pitanju i fizi\u010dki su aktivne. Sastavljen od 7 sokova koji \u0107e obezbijediti sve neophodne hranljive sastojke, podi\u0107i nivo energije, ubrzati metabolizam i omogu\u0107iti intezvnije \u010di\u0161\u0107enje organizma08:00 h Sunrise\u00a0 \u00a0 \u00a0 \u00a0 \u00a0 \u00a0 \u00a0 \u00a0 \u00a0 \u00a0 150 cal 10:00 h [&hellip;]<\/p>\n","protected":false},"author":2,"featured_media":0,"parent":0,"menu_order":0,"comment_status":"closed","ping_status":"closed","template":"","meta":{"_et_pb_use_builder":"on","_et_pb_old_content":"","_et_gb_content_width":"","footnotes":""},"yoast_head":"<!-- This site is optimized with the Yoast SEO plugin v22.2 - https:\/\/yoast.com\/wordpress\/plugins\/seo\/ -->\n<title>Energy boost - Monte Juice<\/title>\n<meta name=\"robots\" content=\"index, follow, max-snippet:-1, max-image-preview:large, max-video-preview:-1\" \/>\n<link rel=\"canonical\" href=\"https:\/\/montejuice.com\/index.php\/energy-boost\/\" \/>\n<meta property=\"og:locale\" content=\"en_US\" \/>\n<meta property=\"og:type\" content=\"article\" \/>\n<meta property=\"og:title\" content=\"Energy boost - Monte Juice\" \/>\n<meta property=\"og:description\" content=\"Energy boost detoxNamijenjen osobama koje imaju ve\u0107 usvojene zdrave navike kada je ishrana u pitanju i fizi\u010dki su aktivne. Sastavljen od 7 sokova koji \u0107e obezbijediti sve neophodne hranljive sastojke, podi\u0107i nivo energije, ubrzati metabolizam i omogu\u0107iti intezvnije \u010di\u0161\u0107enje organizma08:00 h Sunrise\u00a0 \u00a0 \u00a0 \u00a0 \u00a0 \u00a0 \u00a0 \u00a0 \u00a0 \u00a0 150 cal 10:00 h [&hellip;]\" \/>\n<meta property=\"og:url\" content=\"https:\/\/montejuice.com\/index.php\/energy-boost\/\" \/>\n<meta property=\"og:site_name\" content=\"Monte Juice\" \/>\n<meta property=\"article:publisher\" content=\"https:\/\/www.facebook.com\/profile.php?id=61552584972294\" \/>\n<meta property=\"article:modified_time\" content=\"2024-01-26T22:07:09+00:00\" \/>\n<meta name=\"twitter:card\" content=\"summary_large_image\" \/>\n<meta name=\"twitter:label1\" content=\"Est. reading time\" \/>\n\t<meta name=\"twitter:data1\" content=\"5 minutes\" \/>\n<script type=\"application\/ld+json\" class=\"yoast-schema-graph\">{\"@context\":\"https:\/\/schema.org\",\"@graph\":[{\"@type\":\"WebPage\",\"@id\":\"https:\/\/montejuice.com\/index.php\/energy-boost\/\",\"url\":\"https:\/\/montejuice.com\/index.php\/energy-boost\/\",\"name\":\"Energy boost - Monte Juice\",\"isPartOf\":{\"@id\":\"https:\/\/montejuice.com\/#website\"},\"datePublished\":\"2024-01-23T10:26:30+00:00\",\"dateModified\":\"2024-01-26T22:07:09+00:00\",\"breadcrumb\":{\"@id\":\"https:\/\/montejuice.com\/index.php\/energy-boost\/#breadcrumb\"},\"inLanguage\":\"en-US\",\"potentialAction\":[{\"@type\":\"ReadAction\",\"target\":[\"https:\/\/montejuice.com\/index.php\/energy-boost\/\"]}]},{\"@type\":\"BreadcrumbList\",\"@id\":\"https:\/\/montejuice.com\/index.php\/energy-boost\/#breadcrumb\",\"itemListElement\":[{\"@type\":\"ListItem\",\"position\":1,\"name\":\"Home\",\"item\":\"https:\/\/montejuice.com\/\"},{\"@type\":\"ListItem\",\"position\":2,\"name\":\"Energy boost\"}]},{\"@type\":\"WebSite\",\"@id\":\"https:\/\/montejuice.com\/#website\",\"url\":\"https:\/\/montejuice.com\/\",\"name\":\"Monte Juice\",\"description\":\"Hladno presovani sokovi\",\"publisher\":{\"@id\":\"https:\/\/montejuice.com\/#organization\"},\"potentialAction\":[{\"@type\":\"SearchAction\",\"target\":{\"@type\":\"EntryPoint\",\"urlTemplate\":\"https:\/\/montejuice.com\/?s={search_term_string}\"},\"query-input\":\"required name=search_term_string\"}],\"inLanguage\":\"en-US\"},{\"@type\":\"Organization\",\"@id\":\"https:\/\/montejuice.com\/#organization\",\"name\":\"Monte Juice\",\"url\":\"https:\/\/montejuice.com\/\",\"logo\":{\"@type\":\"ImageObject\",\"inLanguage\":\"en-US\",\"@id\":\"https:\/\/montejuice.com\/#\/schema\/logo\/image\/\",\"url\":\"https:\/\/montejuice.com\/wp-content\/uploads\/2024\/01\/cropped-tempFileForShare_20231206-180523-1.jpg\",\"contentUrl\":\"https:\/\/montejuice.com\/wp-content\/uploads\/2024\/01\/cropped-tempFileForShare_20231206-180523-1.jpg\",\"width\":512,\"height\":512,\"caption\":\"Monte Juice\"},\"image\":{\"@id\":\"https:\/\/montejuice.com\/#\/schema\/logo\/image\/\"},\"sameAs\":[\"https:\/\/www.facebook.com\/profile.php?id=61552584972294\"]}]}<\/script>\n<!-- \/ Yoast SEO plugin. -->","yoast_head_json":{"title":"Energy boost - Monte Juice","robots":{"index":"index","follow":"follow","max-snippet":"max-snippet:-1","max-image-preview":"max-image-preview:large","max-video-preview":"max-video-preview:-1"},"canonical":"https:\/\/montejuice.com\/index.php\/energy-boost\/","og_locale":"en_US","og_type":"article","og_title":"Energy boost - Monte Juice","og_description":"Energy boost detoxNamijenjen osobama koje imaju ve\u0107 usvojene zdrave navike kada je ishrana u pitanju i fizi\u010dki su aktivne. Sastavljen od 7 sokova koji \u0107e obezbijediti sve neophodne hranljive sastojke, podi\u0107i nivo energije, ubrzati metabolizam i omogu\u0107iti intezvnije \u010di\u0161\u0107enje organizma08:00 h Sunrise\u00a0 \u00a0 \u00a0 \u00a0 \u00a0 \u00a0 \u00a0 \u00a0 \u00a0 \u00a0 150 cal 10:00 h [&hellip;]","og_url":"https:\/\/montejuice.com\/index.php\/energy-boost\/","og_site_name":"Monte Juice","article_publisher":"https:\/\/www.facebook.com\/profile.php?id=61552584972294","article_modified_time":"2024-01-26T22:07:09+00:00","twitter_card":"summary_large_image","twitter_misc":{"Est. reading time":"5 minutes"},"schema":{"@context":"https:\/\/schema.org","@graph":[{"@type":"WebPage","@id":"https:\/\/montejuice.com\/index.php\/energy-boost\/","url":"https:\/\/montejuice.com\/index.php\/energy-boost\/","name":"Energy boost - Monte Juice","isPartOf":{"@id":"https:\/\/montejuice.com\/#website"},"datePublished":"2024-01-23T10:26:30+00:00","dateModified":"2024-01-26T22:07:09+00:00","breadcrumb":{"@id":"https:\/\/montejuice.com\/index.php\/energy-boost\/#breadcrumb"},"inLanguage":"en-US","potentialAction":[{"@type":"ReadAction","target":["https:\/\/montejuice.com\/index.php\/energy-boost\/"]}]},{"@type":"BreadcrumbList","@id":"https:\/\/montejuice.com\/index.php\/energy-boost\/#breadcrumb","itemListElement":[{"@type":"ListItem","position":1,"name":"Home","item":"https:\/\/montejuice.com\/"},{"@type":"ListItem","position":2,"name":"Energy boost"}]},{"@type":"WebSite","@id":"https:\/\/montejuice.com\/#website","url":"https:\/\/montejuice.com\/","name":"Monte Juice","description":"Hladno presovani sokovi","publisher":{"@id":"https:\/\/montejuice.com\/#organization"},"potentialAction":[{"@type":"SearchAction","target":{"@type":"EntryPoint","urlTemplate":"https:\/\/montejuice.com\/?s={search_term_string}"},"query-input":"required name=search_term_string"}],"inLanguage":"en-US"},{"@type":"Organization","@id":"https:\/\/montejuice.com\/#organization","name":"Monte Juice","url":"https:\/\/montejuice.com\/","logo":{"@type":"ImageObject","inLanguage":"en-US","@id":"https:\/\/montejuice.com\/#\/schema\/logo\/image\/","url":"https:\/\/montejuice.com\/wp-content\/uploads\/2024\/01\/cropped-tempFileForShare_20231206-180523-1.jpg","contentUrl":"https:\/\/montejuice.com\/wp-content\/uploads\/2024\/01\/cropped-tempFileForShare_20231206-180523-1.jpg","width":512,"height":512,"caption":"Monte Juice"},"image":{"@id":"https:\/\/montejuice.com\/#\/schema\/logo\/image\/"},"sameAs":["https:\/\/www.facebook.com\/profile.php?id=61552584972294"]}]}},"_links":{"self":[{"href":"https:\/\/montejuice.com\/index.php\/wp-json\/wp\/v2\/pages\/226"}],"collection":[{"href":"https:\/\/montejuice.com\/index.php\/wp-json\/wp\/v2\/pages"}],"about":[{"href":"https:\/\/montejuice.com\/index.php\/wp-json\/wp\/v2\/types\/page"}],"author":[{"embeddable":true,"href":"https:\/\/montejuice.com\/index.php\/wp-json\/wp\/v2\/users\/2"}],"replies":[{"embeddable":true,"href":"https:\/\/montejuice.com\/index.php\/wp-json\/wp\/v2\/comments?post=226"}],"version-history":[{"count":8,"href":"https:\/\/montejuice.com\/index.php\/wp-json\/wp\/v2\/pages\/226\/revisions"}],"predecessor-version":[{"id":467,"href":"https:\/\/montejuice.com\/index.php\/wp-json\/wp\/v2\/pages\/226\/revisions\/467"}],"wp:attachment":[{"href":"https:\/\/montejuice.com\/index.php\/wp-json\/wp\/v2\/media?parent=226"}],"curies":[{"name":"wp","href":"https:\/\/api.w.org\/{rel}","templated":true}]}}